{"id":351,"date":"2017-12-31T11:46:45","date_gmt":"2017-12-31T02:46:45","guid":{"rendered":"https:\/\/nishizawa-med.com\/?page_id=351"},"modified":"2025-10-07T10:38:14","modified_gmt":"2025-10-07T01:38:14","slug":"%e7%b9%83%e5%b8%af%e4%ba%a4%e6%8f%9b%e8%bb%8a2","status":"publish","type":"page","link":"https:\/\/nishizawa-med.com\/?page_id=351","title":{"rendered":"\u7e43\u5e2f\u4ea4\u63db\u8eca2"},"content":{"rendered":"<p>&nbsp;<\/p>\n<table>\n<tbody>\n<tr>\n<td><img data-recalc-dims=\"1\" loading=\"lazy\" decoding=\"async\" data-attachment-id=\"352\" data-permalink=\"https:\/\/nishizawa-med.com\/?attachment_id=352\" data-orig-file=\"https:\/\/i0.wp.com\/nishizawa-med.com\/wp-content\/uploads\/2017\/12\/sh-1105a.jpg?fit=320%2C350&amp;ssl=1\" data-orig-size=\"320,350\" data-comments-opened=\"0\" data-image-meta=\"{&quot;aperture&quot;:&quot;0&quot;,&quot;credit&quot;:&quot;&quot;,&quot;camera&quot;:&quot;&quot;,&quot;caption&quot;:&quot;&quot;,&quot;created_timestamp&quot;:&quot;0&quot;,&quot;copyright&quot;:&quot;&quot;,&quot;focal_length&quot;:&quot;0&quot;,&quot;iso&quot;:&quot;0&quot;,&quot;shutter_speed&quot;:&quot;0&quot;,&quot;title&quot;:&quot;&quot;,&quot;orientation&quot;:&quot;0&quot;}\" data-image-title=\"sh-1105a\" data-image-description=\"\" data-image-caption=\"\" data-large-file=\"https:\/\/i0.wp.com\/nishizawa-med.com\/wp-content\/uploads\/2017\/12\/sh-1105a.jpg?fit=320%2C350&amp;ssl=1\" class=\"alignnone size-full wp-image-352\" src=\"https:\/\/i0.wp.com\/nishizawa-med.com\/wp-content\/uploads\/2017\/12\/sh-1105a.jpg?resize=320%2C350&#038;ssl=1\" alt=\"\" width=\"320\" height=\"350\" srcset=\"https:\/\/i0.wp.com\/nishizawa-med.com\/wp-content\/uploads\/2017\/12\/sh-1105a.jpg?w=320&amp;ssl=1 320w, https:\/\/i0.wp.com\/nishizawa-med.com\/wp-content\/uploads\/2017\/12\/sh-1105a.jpg?resize=274%2C300&amp;ssl=1 274w\" sizes=\"auto, (max-width: 320px) 100vw, 320px\" \/><\/td>\n<td><img data-recalc-dims=\"1\" loading=\"lazy\" decoding=\"async\" data-attachment-id=\"353\" data-permalink=\"https:\/\/nishizawa-med.com\/?attachment_id=353\" data-orig-file=\"https:\/\/i0.wp.com\/nishizawa-med.com\/wp-content\/uploads\/2017\/12\/sh-1107a.jpg?fit=320%2C350&amp;ssl=1\" data-orig-size=\"320,350\" data-comments-opened=\"0\" data-image-meta=\"{&quot;aperture&quot;:&quot;0&quot;,&quot;credit&quot;:&quot;&quot;,&quot;camera&quot;:&quot;&quot;,&quot;caption&quot;:&quot;&quot;,&quot;created_timestamp&quot;:&quot;0&quot;,&quot;copyright&quot;:&quot;&quot;,&quot;focal_length&quot;:&quot;0&quot;,&quot;iso&quot;:&quot;0&quot;,&quot;shutter_speed&quot;:&quot;0&quot;,&quot;title&quot;:&quot;&quot;,&quot;orientation&quot;:&quot;0&quot;}\" data-image-title=\"sh-1107a\" data-image-description=\"\" data-image-caption=\"\" data-large-file=\"https:\/\/i0.wp.com\/nishizawa-med.com\/wp-content\/uploads\/2017\/12\/sh-1107a.jpg?fit=320%2C350&amp;ssl=1\" class=\"alignnone size-full wp-image-353\" src=\"https:\/\/i0.wp.com\/nishizawa-med.com\/wp-content\/uploads\/2017\/12\/sh-1107a.jpg?resize=320%2C350&#038;ssl=1\" alt=\"\" width=\"320\" height=\"350\" srcset=\"https:\/\/i0.wp.com\/nishizawa-med.com\/wp-content\/uploads\/2017\/12\/sh-1107a.jpg?w=320&amp;ssl=1 320w, https:\/\/i0.wp.com\/nishizawa-med.com\/wp-content\/uploads\/2017\/12\/sh-1107a.jpg?resize=274%2C300&amp;ssl=1 274w\" sizes=\"auto, (max-width: 320px) 100vw, 320px\" \/><\/td>\n<\/tr>\n<tr>\n<td style=\"text-align: center;\"><strong>\u7e43\u5e2f\u4ea4\u63db\u8ecaSH-1105A<\/strong><\/td>\n<td style=\"text-align: center;\"><strong>\u7e43\u5e2f\u4ea4\u63db\u8ecaSH-1107A<\/strong><\/td>\n<\/tr>\n<tr>\n<td style=\"text-align: center;\"><strong>\u30aa\u30fc\u30d7\u30f3\u4fa1\u683c<\/strong><\/td>\n<td style=\"text-align: center;\"><strong>\u30aa\u30fc\u30d7\u30f3\u4fa1\u683c<\/strong><\/td>\n<\/tr>\n<tr>\n<td style=\"text-align: left;\"><span style=\"font-size: 8pt;\">\uff08\u4ed5\u69d8\uff09<\/span><br \/>\n<span style=\"font-size: 8pt;\">\u5bf8\u6cd5\uff1aW750\u00d7D450\u00d7H850mm<\/span><br \/>\n<span style=\"font-size: 8pt;\">\u30b9\u30e9\u30a4\u30c9\u30c6\u30fc\u30d6\u30eb\uff1a375\u00d7375mm<\/span><br \/>\n<span style=\"font-size: 8pt;\">\u6750\u8cea\uff1a\u30b9\u30c6\u30f3\u30ec\u30b9\u88fd<\/span><br \/>\n<span style=\"font-size: 8pt; color: #3366ff;\">\u266a\u9759\u304b\u306a\u97f3\u30ad\u30e3\u30b9\u30bf\u30fc\uff1a100\u03a6<\/span><br \/>\n<span style=\"font-size: 8pt; color: #3366ff;\"> \u266a\u9759\u304b\u306a\u97f3\u30b7\u30fc\u30c8\u4ed8<\/span><span style=\"font-size: 8pt;\">\uff08\u4ed8\u5c5e\u54c1\uff09<\/span><br \/>\n<span style=\"font-size: 8pt;\">\u30ac\u30fc\u30bc\u7f36\u53d7\u3051<\/span><br \/>\n<span style=\"font-size: 8pt;\">\u9257\u5b50\u7acb\u3066\u53d7\u3051<\/span><br \/>\n<span style=\"font-size: 8pt;\">\u30c0\u30b9\u30c8\u7f3618\u03a6\u00d71\u500b<\/span><br \/>\n<span style=\"font-size: 8pt;\">\u30ea\u30f3\u30b0\u30d0\u30f3\u30d1\u30fc\u4ed8<\/span><br \/>\n<span style=\"font-size: 8pt;\">\u30c8\u30ec\u30fc\uff1aW300\u00d7D430\u00d7H150mm\u00d71\u500b<\/span><br \/>\n<span style=\"font-size: 8pt;\">\uff08\u6709\u52b9\u68da\u9593\u9694\uff09<\/span><br \/>\n<span style=\"font-size: 8pt;\">\u5bf8\u6cd5\uff1aW710\u00d7D410\u00d7H260mm<\/span><\/td>\n<td style=\"text-align: center;\">\n<p style=\"text-align: left;\"><span style=\"font-size: 8pt;\">\uff08\u4ed5\u69d8\uff09<\/span><br \/>\n<span style=\"font-size: 8pt;\">\u5bf8\u6cd5\uff1aW750\u00d7D450\u00d7H850mm<\/span><br \/>\n<span style=\"font-size: 8pt;\">\u30b9\u30e9\u30a4\u30c9\u30c6\u30fc\u30d6\u30eb\uff1a375\u00d7375mm<\/span><br \/>\n<span style=\"font-size: 8pt;\">\u6750\u8cea\uff1a\u30b9\u30c6\u30f3\u30ec\u30b9\u88fd<\/span><br \/>\n<span style=\"font-size: 8pt; color: #3366ff;\">\u266a\u9759\u304b\u306a\u97f3\u30ad\u30e3\u30b9\u30bf\u30fc\uff1a100\u03a6<\/span><br \/>\n<span style=\"font-size: 8pt; color: #3366ff;\"> \u266a\u9759\u304b\u306a\u97f3\u30b7\u30fc\u30c8\u4ed8<\/span><\/p>\n<p style=\"text-align: left;\"><span style=\"font-size: 8pt;\">\uff08\u4ed8\u5c5e\u54c1\uff09<\/span><br \/>\n<span style=\"font-size: 8pt;\">\u30ac\u30fc\u30bc\u7f36\u53d7\u3051<\/span><br \/>\n<span style=\"font-size: 8pt;\">\u9257\u5b50\u7acb\u3066\u53d7\u3051<\/span><br \/>\n<span style=\"font-size: 8pt;\">\u30c0\u30b9\u30c8\u7f3618\u03a6\u00d71\u500b<\/span><br \/>\n<span style=\"font-size: 8pt;\">\u30ea\u30f3\u30b0\u30d0\u30f3\u30d1\u30fc\u4ed8<\/span><br \/>\n<span style=\"font-size: 8pt;\">\u30c8\u30ec\u30fc\uff1aW300\u00d7D430\u00d7H150mm\u00d71\u500b<\/span><br \/>\n<span style=\"font-size: 8pt;\">\uff08\u6709\u52b9\u68da\u9593\u9694\uff09<\/span><br \/>\n<span style=\"font-size: 8pt;\">\u5bf8\u6cd5\uff1aW715\u00d7D415\u00d7H260mm<\/span><\/p>\n<\/td>\n<\/tr>\n<tr>\n<td style=\"text-align: left;\"><img data-recalc-dims=\"1\" loading=\"lazy\" decoding=\"async\" data-attachment-id=\"1108\" data-permalink=\"https:\/\/nishizawa-med.com\/?attachment_id=1108\" data-orig-file=\"https:\/\/i0.wp.com\/nishizawa-med.com\/wp-content\/uploads\/2018\/04\/sh-1106a.jpg?fit=320%2C350&amp;ssl=1\" data-orig-size=\"320,350\" data-comments-opened=\"0\" data-image-meta=\"{&quot;aperture&quot;:&quot;0&quot;,&quot;credit&quot;:&quot;&quot;,&quot;camera&quot;:&quot;&quot;,&quot;caption&quot;:&quot;&quot;,&quot;created_timestamp&quot;:&quot;0&quot;,&quot;copyright&quot;:&quot;&quot;,&quot;focal_length&quot;:&quot;0&quot;,&quot;iso&quot;:&quot;0&quot;,&quot;shutter_speed&quot;:&quot;0&quot;,&quot;title&quot;:&quot;&quot;,&quot;orientation&quot;:&quot;0&quot;}\" data-image-title=\"sh-1106a\" data-image-description=\"\" data-image-caption=\"\" data-large-file=\"https:\/\/i0.wp.com\/nishizawa-med.com\/wp-content\/uploads\/2018\/04\/sh-1106a.jpg?fit=320%2C350&amp;ssl=1\" class=\"alignnone size-full wp-image-1108\" src=\"https:\/\/i0.wp.com\/nishizawa-med.com\/wp-content\/uploads\/2018\/04\/sh-1106a.jpg?resize=320%2C350&#038;ssl=1\" alt=\"\" width=\"320\" height=\"350\" srcset=\"https:\/\/i0.wp.com\/nishizawa-med.com\/wp-content\/uploads\/2018\/04\/sh-1106a.jpg?w=320&amp;ssl=1 320w, https:\/\/i0.wp.com\/nishizawa-med.com\/wp-content\/uploads\/2018\/04\/sh-1106a.jpg?resize=274%2C300&amp;ssl=1 274w\" sizes=\"auto, (max-width: 320px) 100vw, 320px\" \/><\/td>\n<td style=\"text-align: center;\"><img data-recalc-dims=\"1\" loading=\"lazy\" decoding=\"async\" data-attachment-id=\"1109\" data-permalink=\"https:\/\/nishizawa-med.com\/?attachment_id=1109\" data-orig-file=\"https:\/\/i0.wp.com\/nishizawa-med.com\/wp-content\/uploads\/2018\/04\/sh-1108a.jpg?fit=320%2C350&amp;ssl=1\" data-orig-size=\"320,350\" data-comments-opened=\"0\" data-image-meta=\"{&quot;aperture&quot;:&quot;0&quot;,&quot;credit&quot;:&quot;&quot;,&quot;camera&quot;:&quot;&quot;,&quot;caption&quot;:&quot;&quot;,&quot;created_timestamp&quot;:&quot;0&quot;,&quot;copyright&quot;:&quot;&quot;,&quot;focal_length&quot;:&quot;0&quot;,&quot;iso&quot;:&quot;0&quot;,&quot;shutter_speed&quot;:&quot;0&quot;,&quot;title&quot;:&quot;&quot;,&quot;orientation&quot;:&quot;0&quot;}\" data-image-title=\"sh-1108a\" data-image-description=\"\" data-image-caption=\"\" data-large-file=\"https:\/\/i0.wp.com\/nishizawa-med.com\/wp-content\/uploads\/2018\/04\/sh-1108a.jpg?fit=320%2C350&amp;ssl=1\" class=\"alignnone size-full wp-image-1109\" src=\"https:\/\/i0.wp.com\/nishizawa-med.com\/wp-content\/uploads\/2018\/04\/sh-1108a.jpg?resize=320%2C350&#038;ssl=1\" alt=\"\" width=\"320\" height=\"350\" srcset=\"https:\/\/i0.wp.com\/nishizawa-med.com\/wp-content\/uploads\/2018\/04\/sh-1108a.jpg?w=320&amp;ssl=1 320w, https:\/\/i0.wp.com\/nishizawa-med.com\/wp-content\/uploads\/2018\/04\/sh-1108a.jpg?resize=274%2C300&amp;ssl=1 274w\" sizes=\"auto, (max-width: 320px) 100vw, 320px\" \/><\/td>\n<\/tr>\n<tr>\n<td style=\"text-align: center;\"><strong>\u7e43\u5e2f\u4ea4\u63db\u8ecaSH-1106A<\/strong><\/td>\n<td style=\"text-align: center;\"><strong>\u7e43\u5e2f\u4ea4\u63db\u8ecaSH-1108A<\/strong><\/td>\n<\/tr>\n<tr>\n<td style=\"text-align: center;\"><strong>\u30aa\u30fc\u30d7\u30f3\u4fa1\u683c<\/strong><\/td>\n<td style=\"text-align: center;\"><strong>\u30aa\u30fc\u30d7\u30f3\u4fa1\u683c<\/strong><\/td>\n<\/tr>\n<tr>\n<td style=\"text-align: left;\"><span style=\"font-size: 8pt;\">\uff08\u4ed5\u69d8\uff09<\/span><br \/>\n<span style=\"font-size: 8pt;\">\u5bf8\u6cd5\uff1aW750\u00d7D450\u00d7H850mm<\/span><br \/>\n<span style=\"font-size: 8pt;\">\u30b9\u30e9\u30a4\u30c9\u30c6\u30fc\u30d6\u30eb\uff1a375\u00d7375mm<\/span><br \/>\n<span style=\"font-size: 8pt;\">\u6750\u8cea\uff1a\u30b9\u30c6\u30f3\u30ec\u30b9\u88fd<\/span><br \/>\n<span style=\"font-size: 8pt; color: #3366ff;\">\u266a\u9759\u304b\u306a\u97f3\u30ad\u30e3\u30b9\u30bf\u30fc\uff1a100\u03a6<\/span><br \/>\n<span style=\"font-size: 8pt; color: #3366ff;\"> \u266a\u9759\u304b\u306a\u97f3\u30b7\u30fc\u30c8\u4ed8<\/span><span style=\"font-size: 8pt;\">\uff08\u4ed8\u5c5e\u54c1\uff09<\/span><br \/>\n<span style=\"font-size: 8pt;\">\u30c0\u30b9\u30c8\u7f3618\u03a6\u00d71\u500b<\/span><br \/>\n<span style=\"font-size: 8pt;\">\u30ea\u30f3\u30b0\u30d0\u30f3\u30d1\u30fc\u4ed8<\/span><br \/>\n<span style=\"font-size: 8pt;\">\u30c8\u30ec\u30fc\uff1aW300\u00d7D430\u00d7H150mm\u00d71\u500b<\/span><br \/>\n<span style=\"font-size: 8pt;\">\uff08\u6709\u52b9\u68da\u9593\u9694\uff09<\/span><br \/>\n<span style=\"font-size: 8pt;\">\u5bf8\u6cd5\uff1aW340\u00d7D430\u00d7H490mm<\/span><\/td>\n<td style=\"text-align: left;\"><span style=\"font-size: 8pt;\">\uff08\u4ed5\u69d8\uff09<\/span><br \/>\n<span style=\"font-size: 8pt;\">\u5bf8\u6cd5\uff1aW750\u00d7D450\u00d7H850mm<\/span><br \/>\n<span style=\"font-size: 8pt;\">\u30b9\u30e9\u30a4\u30c9\u30c6\u30fc\u30d6\u30eb\uff1a375\u00d7375mm<\/span><br \/>\n<span style=\"font-size: 8pt;\">\u6750\u8cea\uff1a\u30b9\u30c6\u30f3\u30ec\u30b9\u88fd<\/span><br \/>\n<span style=\"font-size: 8pt; color: #3366ff;\">\u266a\u9759\u304b\u306a\u97f3\u30ad\u30e3\u30b9\u30bf\u30fc\uff1a100\u03a6<\/span><br \/>\n<span style=\"font-size: 8pt; color: #3366ff;\"> \u266a\u9759\u304b\u306a\u97f3\u30b7\u30fc\u30c8\u4ed8<\/span><span style=\"font-size: 8pt;\">\uff08\u4ed8\u5c5e\u54c1\uff09<\/span><br \/>\n<span style=\"font-size: 8pt;\">\u30c0\u30b9\u30c8\u7f3618\u03a6\u00d71\u500b<\/span><br \/>\n<span style=\"font-size: 8pt;\">\u30ea\u30f3\u30b0\u30d0\u30f3\u30d1\u30fc\u4ed8<\/span><br \/>\n<span style=\"font-size: 8pt;\">\u30c8\u30ec\u30fc\uff1aW300\u00d7D430\u00d7H150mm\u00d71\u500b<\/span><br \/>\n<span style=\"font-size: 8pt;\">\uff08\u6709\u52b9\u68da\u9593\u9694\uff09<\/span><br \/>\n<span style=\"font-size: 8pt;\">\u4e0a\u6bb5\u5bf8\u6cd5\uff1aW330\u00d7D430\u00d7H200mm<\/span><br \/>\n<span style=\"font-size: 8pt;\">\u4e0b\u6bb5\u5bf8\u6cd5\uff1aW690\u00d7D430\u00d7H280mm<\/span><\/td>\n<\/tr>\n<\/tbody>\n<\/table>\n","protected":false},"excerpt":{"rendered":"<p>&nbsp; \u7e43\u5e2f\u4ea4\u63db\u8ecaSH-1105A \u7e43\u5e2f\u4ea4\u63db\u8ecaSH-1107A \u30aa\u30fc\u30d7\u30f3\u4fa1\u683c \u30aa\u30fc\u30d7\u30f3\u4fa1\u683c \uff08\u4ed5\u69d8\uff09 \u5bf8\u6cd5\uff1aW750\u00d7D450\u00d7H850mm \u30b9\u30e9\u30a4\u30c9\u30c6\u30fc\u30d6\u30eb\uff1a375\u00d7375mm \u6750\u8cea\uff1a\u30b9\u30c6\u30f3\u30ec\u30b9\u88fd \u266a\u9759\u304b\u306a\u97f3\u30ad\u30e3&hellip; <a href=\"https:\/\/nishizawa-med.com\/?page_id=351\" class=\"more-link\"><span class=\"screen-reader-text\">\u7e43\u5e2f\u4ea4\u63db\u8eca2<\/span> \u306e\u7d9a\u304d\u3092\u8aad\u3080<\/a><\/p>\n","protected":false},"author":2,"featured_media":0,"parent":1112,"menu_order":0,"comment_status":"closed","ping_status":"closed","template":"","meta":{"advanced_seo_description":"","jetpack_seo_html_title":"","jetpack_seo_noindex":false,"footnotes":""},"tags":[125034,125049,125035,125050],"class_list":["post-351","page","type-page","status-publish","hentry","tag-sh-1105a","tag-sh-1106a","tag-sh-1107a","tag-sh-1108a","without-featured-image"],"jetpack_sharing_enabled":false,"jetpack_shortlink":"https:\/\/wp.me\/P9ti4N-5F","jetpack_likes_enabled":true,"_links":{"self":[{"href":"https:\/\/nishizawa-med.com\/index.php?rest_route=\/wp\/v2\/pages\/351","targetHints":{"allow":["GET"]}}],"collection":[{"href":"https:\/\/nishizawa-med.com\/index.php?rest_route=\/wp\/v2\/pages"}],"about":[{"href":"https:\/\/nishizawa-med.com\/index.php?rest_route=\/wp\/v2\/types\/page"}],"author":[{"embeddable":true,"href":"https:\/\/nishizawa-med.com\/index.php?rest_route=\/wp\/v2\/users\/2"}],"replies":[{"embeddable":true,"href":"https:\/\/nishizawa-med.com\/index.php?rest_route=%2Fwp%2Fv2%2Fcomments&post=351"}],"version-history":[{"count":5,"href":"https:\/\/nishizawa-med.com\/index.php?rest_route=\/wp\/v2\/pages\/351\/revisions"}],"predecessor-version":[{"id":3179,"href":"https:\/\/nishizawa-med.com\/index.php?rest_route=\/wp\/v2\/pages\/351\/revisions\/3179"}],"up":[{"embeddable":true,"href":"https:\/\/nishizawa-med.com\/index.php?rest_route=\/wp\/v2\/pages\/1112"}],"wp:attachment":[{"href":"https:\/\/nishizawa-med.com\/index.php?rest_route=%2Fwp%2Fv2%2Fmedia&parent=351"}],"wp:term":[{"taxonomy":"post_tag","embeddable":true,"href":"https:\/\/nishizawa-med.com\/index.php?rest_route=%2Fwp%2Fv2%2Ftags&post=351"}],"curies":[{"name":"wp","href":"https:\/\/api.w.org\/{rel}","templated":true}]}}