{"id":761,"date":"2018-01-04T18:30:16","date_gmt":"2018-01-04T09:30:16","guid":{"rendered":"https:\/\/nishizawa-med.com\/?page_id=761"},"modified":"2026-01-26T13:58:30","modified_gmt":"2026-01-26T04:58:30","slug":"%e3%82%aa%e3%83%a0%e3%83%84%e3%82%ab%e3%83%bc%e3%83%881","status":"publish","type":"page","link":"https:\/\/nishizawa-med.com\/?page_id=761","title":{"rendered":"\u3055\u308f\u3084\u304b\u30b7\u30ea\u30fc\u30ba\u30aa\u30e0\u30c4\u30ab\u30fc\u30c81"},"content":{"rendered":"<p><img data-recalc-dims=\"1\" loading=\"lazy\" decoding=\"async\" data-attachment-id=\"762\" data-permalink=\"https:\/\/nishizawa-med.com\/?attachment_id=762\" data-orig-file=\"https:\/\/i0.wp.com\/nishizawa-med.com\/wp-content\/uploads\/2018\/01\/8107-1.jpg?fit=660%2C50&amp;ssl=1\" data-orig-size=\"660,50\" data-comments-opened=\"0\" data-image-meta=\"{&quot;aperture&quot;:&quot;0&quot;,&quot;credit&quot;:&quot;&quot;,&quot;camera&quot;:&quot;&quot;,&quot;caption&quot;:&quot;&quot;,&quot;created_timestamp&quot;:&quot;0&quot;,&quot;copyright&quot;:&quot;&quot;,&quot;focal_length&quot;:&quot;0&quot;,&quot;iso&quot;:&quot;0&quot;,&quot;shutter_speed&quot;:&quot;0&quot;,&quot;title&quot;:&quot;&quot;,&quot;orientation&quot;:&quot;0&quot;}\" data-image-title=\"8107-1\" data-image-description=\"\" data-image-caption=\"\" data-large-file=\"https:\/\/i0.wp.com\/nishizawa-med.com\/wp-content\/uploads\/2018\/01\/8107-1.jpg?fit=660%2C50&amp;ssl=1\" class=\"alignnone size-full wp-image-762\" src=\"https:\/\/i0.wp.com\/nishizawa-med.com\/wp-content\/uploads\/2018\/01\/8107-1.jpg?resize=660%2C50&#038;ssl=1\" alt=\"\" width=\"660\" height=\"50\" srcset=\"https:\/\/i0.wp.com\/nishizawa-med.com\/wp-content\/uploads\/2018\/01\/8107-1.jpg?w=660&amp;ssl=1 660w, https:\/\/i0.wp.com\/nishizawa-med.com\/wp-content\/uploads\/2018\/01\/8107-1.jpg?resize=300%2C23&amp;ssl=1 300w\" sizes=\"auto, (max-width: 660px) 100vw, 660px\" \/><\/p>\n<table>\n<tbody>\n<tr>\n<td><img data-recalc-dims=\"1\" loading=\"lazy\" decoding=\"async\" data-attachment-id=\"763\" data-permalink=\"https:\/\/nishizawa-med.com\/?attachment_id=763\" data-orig-file=\"https:\/\/i0.wp.com\/nishizawa-med.com\/wp-content\/uploads\/2018\/01\/8107.jpg?fit=320%2C350&amp;ssl=1\" data-orig-size=\"320,350\" data-comments-opened=\"0\" data-image-meta=\"{&quot;aperture&quot;:&quot;0&quot;,&quot;credit&quot;:&quot;&quot;,&quot;camera&quot;:&quot;&quot;,&quot;caption&quot;:&quot;&quot;,&quot;created_timestamp&quot;:&quot;0&quot;,&quot;copyright&quot;:&quot;&quot;,&quot;focal_length&quot;:&quot;0&quot;,&quot;iso&quot;:&quot;0&quot;,&quot;shutter_speed&quot;:&quot;0&quot;,&quot;title&quot;:&quot;&quot;,&quot;orientation&quot;:&quot;0&quot;}\" data-image-title=\"8107\" data-image-description=\"\" data-image-caption=\"\" data-large-file=\"https:\/\/i0.wp.com\/nishizawa-med.com\/wp-content\/uploads\/2018\/01\/8107.jpg?fit=320%2C350&amp;ssl=1\" class=\"alignnone size-full wp-image-763\" src=\"https:\/\/i0.wp.com\/nishizawa-med.com\/wp-content\/uploads\/2018\/01\/8107.jpg?resize=320%2C350&#038;ssl=1\" alt=\"\" width=\"320\" height=\"350\" srcset=\"https:\/\/i0.wp.com\/nishizawa-med.com\/wp-content\/uploads\/2018\/01\/8107.jpg?w=320&amp;ssl=1 320w, https:\/\/i0.wp.com\/nishizawa-med.com\/wp-content\/uploads\/2018\/01\/8107.jpg?resize=274%2C300&amp;ssl=1 274w\" sizes=\"auto, (max-width: 320px) 100vw, 320px\" \/><\/td>\n<td><img data-recalc-dims=\"1\" loading=\"lazy\" decoding=\"async\" data-attachment-id=\"764\" data-permalink=\"https:\/\/nishizawa-med.com\/?attachment_id=764\" data-orig-file=\"https:\/\/i0.wp.com\/nishizawa-med.com\/wp-content\/uploads\/2018\/01\/8105.jpg?fit=320%2C350&amp;ssl=1\" data-orig-size=\"320,350\" data-comments-opened=\"0\" data-image-meta=\"{&quot;aperture&quot;:&quot;0&quot;,&quot;credit&quot;:&quot;&quot;,&quot;camera&quot;:&quot;&quot;,&quot;caption&quot;:&quot;&quot;,&quot;created_timestamp&quot;:&quot;0&quot;,&quot;copyright&quot;:&quot;&quot;,&quot;focal_length&quot;:&quot;0&quot;,&quot;iso&quot;:&quot;0&quot;,&quot;shutter_speed&quot;:&quot;0&quot;,&quot;title&quot;:&quot;&quot;,&quot;orientation&quot;:&quot;0&quot;}\" data-image-title=\"8105\" data-image-description=\"\" data-image-caption=\"\" data-large-file=\"https:\/\/i0.wp.com\/nishizawa-med.com\/wp-content\/uploads\/2018\/01\/8105.jpg?fit=320%2C350&amp;ssl=1\" class=\"alignnone size-full wp-image-764\" src=\"https:\/\/i0.wp.com\/nishizawa-med.com\/wp-content\/uploads\/2018\/01\/8105.jpg?resize=320%2C350&#038;ssl=1\" alt=\"\" width=\"320\" height=\"350\" srcset=\"https:\/\/i0.wp.com\/nishizawa-med.com\/wp-content\/uploads\/2018\/01\/8105.jpg?w=320&amp;ssl=1 320w, https:\/\/i0.wp.com\/nishizawa-med.com\/wp-content\/uploads\/2018\/01\/8105.jpg?resize=274%2C300&amp;ssl=1 274w\" sizes=\"auto, (max-width: 320px) 100vw, 320px\" \/><\/td>\n<\/tr>\n<tr>\n<td style=\"text-align: center;\"><strong>\u3055\u308f\u3084\u304b8107\uff08\u6e05\u62ed\u8eca\uff09<\/strong><\/td>\n<td style=\"text-align: center;\"><strong>\u3055\u308f\u3084\u304b8105\uff08\u30aa\u30e0\u30c4\u4ea4\u63db\u8eca\uff09<\/strong><\/td>\n<\/tr>\n<tr>\n<td style=\"text-align: center;\"><strong>\u88fd\u9020\u4e2d\u6b62<\/strong><\/td>\n<td style=\"text-align: center;\"><strong>\u88fd\u9020\u4e2d\u6b62<\/strong><\/td>\n<\/tr>\n<tr>\n<td><span style=\"font-size: 8pt;\">\uff08\u4ed5\u69d8\uff09<\/span><br \/>\n<span style=\"font-size: 8pt;\">\u5bf8\u6cd5\uff1aW550\u00d7D500\u00d7H800mm<\/span><br \/>\n<span style=\"font-size: 8pt; color: #3366ff;\">\u25cf\u266a\u9759\u304b\u306a\u97f3\u30ad\u30e3\u30b9\u30bf\u30fc\uff1a75\u03a6<\/span><br \/>\n<span style=\"font-size: 8pt; color: #3366ff;\"> \u25cf4\u500b\u30b9\u30c8\u30c3\u30d1\u30fc\u4ed8<\/span><br \/>\n<span style=\"font-size: 8pt; color: #3366ff;\"> \u25cf\u266a\u9759\u304b\u306a\u97f3\u30b7\u30fc\u30c8\u4ed8<\/span><br \/>\n<span style=\"font-size: 8pt;\">\uff08\u6750\u8cea\uff09<\/span><br \/>\n<span style=\"font-size: 8pt;\">\u30b9\u30c6\u30f3\u30ec\u30b9\u88fd<\/span><br \/>\n<span style=\"font-size: 8pt;\">\u30a2\u30fc\u30c1\u30d1\u30a4\u30d725\u03a6<\/span><br \/>\n<span style=\"font-size: 8pt;\">\uff08\u4ed8\u5c5e\u54c1\uff09<\/span><br \/>\n<span style=\"font-size: 8pt;\">\u30c8\u30ec\u30fc\uff1aW300\u00d7D430\u00d7H150mm\u00d72\u500b<\/span><br \/>\n<span style=\"font-size: 8pt; color: #ff00ff;\">\uff08\u30aa\u30d7\u30b7\u30e7\u30f3\uff09<\/span><br \/>\n<span style=\"font-size: 8pt; color: #ff00ff;\"> \u30db\u30c3\u30c8\u30ad\u30e3\u30d3HC-38 \uffe558,000<\/span><br \/>\n<span style=\"font-size: 8pt; color: #ff00ff;\"> \u30af\u30ea\u30fc\u30f3\u3055\u308f\u3084\u304b\u30bf\u30aa\u30eb<\/span><\/td>\n<td><span style=\"color: #3366ff; font-size: 8pt;\">\u3055\u308f\u3084\u304b8108\u90e8\u5206\u306f\u30ad\u30e3\u30b9\u30bf\u30fc\u4ed8\u3067\u8131\u7740\u5f0f\u306a\u306e\u3067\u56de\u53ce\u3084<\/span><br \/>\n<span style=\"color: #3366ff; font-size: 8pt;\">\u5ec3\u68c4\u304c\u30b9\u30e0\u30fc\u30ba\u306b\u884c\u3048\u307e\u3059\u3002<\/span><br \/>\n<span style=\"font-size: 8pt;\">\uff08\u4ed5\u69d8\uff09<\/span><br \/>\n<span style=\"font-size: 8pt;\">\u5bf8\u6cd5\uff1aW1150\u00d7D500\u00d7H800mm<\/span><br \/>\n<span style=\"font-size: 8pt; color: #3366ff;\">\u25cf\u266a\u9759\u304b\u306a\u97f3\u30ad\u30e3\u30b9\u30bf\u30fc\uff1a75\u03a6<\/span><br \/>\n<span style=\"font-size: 8pt; color: #3366ff;\"> \u25cf4\u500b\u30b9\u30c8\u30c3\u30d1\u30fc\u4ed8<\/span><br \/>\n<span style=\"font-size: 8pt; color: #3366ff;\"> \u25cf\u266a\u9759\u304b\u306a\u97f3\u30b7\u30fc\u30c8\u4ed8<span style=\"color: #000000;\">\uff088107\u306e\u307f\uff09<\/span><\/span><br \/>\n<span style=\"font-size: 8pt;\">\uff08\u6750\u8cea\uff09<\/span><br \/>\n<span style=\"font-size: 8pt;\">\u30b9\u30c6\u30f3\u30ec\u30b9\u88fd<\/span><br \/>\n<span style=\"font-size: 8pt;\">\u30a2\u30fc\u30c1\u30d1\u30a4\u30d725\u03a6<\/span><br \/>\n<span style=\"font-size: 8pt;\">\uff08\u4ed8\u5c5e\u54c1\uff09<\/span><br \/>\n<span style=\"font-size: 8pt;\">\u30c8\u30ec\u30fc\uff1aW300\u00d7D430\u00d7H150mm\u00d72\u500b<\/span><br \/>\n<span style=\"font-size: 8pt; color: #ff00ff;\">\uff08\u30aa\u30d7\u30b7\u30e7\u30f3\uff09<\/span><br \/>\n<span style=\"font-size: 8pt; color: #ff00ff;\"> \u30db\u30c3\u30c8\u30ad\u30e3\u30d3HC-38 \uffe558,000<\/span><br \/>\n<span style=\"font-size: 8pt; color: #ff00ff;\"> \u30af\u30ea\u30fc\u30f3\u3055\u308f\u3084\u304b\u30bf\u30aa\u30eb<\/span><\/td>\n<\/tr>\n<tr>\n<td><img data-recalc-dims=\"1\" loading=\"lazy\" decoding=\"async\" data-attachment-id=\"767\" data-permalink=\"https:\/\/nishizawa-med.com\/?attachment_id=767\" data-orig-file=\"https:\/\/i0.wp.com\/nishizawa-med.com\/wp-content\/uploads\/2018\/01\/8106.jpg?fit=320%2C350&amp;ssl=1\" data-orig-size=\"320,350\" data-comments-opened=\"0\" data-image-meta=\"{&quot;aperture&quot;:&quot;0&quot;,&quot;credit&quot;:&quot;&quot;,&quot;camera&quot;:&quot;&quot;,&quot;caption&quot;:&quot;&quot;,&quot;created_timestamp&quot;:&quot;0&quot;,&quot;copyright&quot;:&quot;&quot;,&quot;focal_length&quot;:&quot;0&quot;,&quot;iso&quot;:&quot;0&quot;,&quot;shutter_speed&quot;:&quot;0&quot;,&quot;title&quot;:&quot;&quot;,&quot;orientation&quot;:&quot;0&quot;}\" data-image-title=\"8106\" data-image-description=\"\" data-image-caption=\"\" data-large-file=\"https:\/\/i0.wp.com\/nishizawa-med.com\/wp-content\/uploads\/2018\/01\/8106.jpg?fit=320%2C350&amp;ssl=1\" class=\"alignnone size-full wp-image-767\" src=\"https:\/\/i0.wp.com\/nishizawa-med.com\/wp-content\/uploads\/2018\/01\/8106.jpg?resize=320%2C350&#038;ssl=1\" alt=\"\" width=\"320\" height=\"350\" srcset=\"https:\/\/i0.wp.com\/nishizawa-med.com\/wp-content\/uploads\/2018\/01\/8106.jpg?w=320&amp;ssl=1 320w, https:\/\/i0.wp.com\/nishizawa-med.com\/wp-content\/uploads\/2018\/01\/8106.jpg?resize=274%2C300&amp;ssl=1 274w\" sizes=\"auto, (max-width: 320px) 100vw, 320px\" \/><\/td>\n<td><\/td>\n<\/tr>\n<tr>\n<td style=\"text-align: center;\"><strong>\u3055\u308f\u3084\u304b8106P\uff08\u30aa\u30e0\u30c4\u4ea4\u63db\u8eca\uff09<\/strong><\/td>\n<td style=\"text-align: center;\"><\/td>\n<\/tr>\n<tr>\n<td style=\"text-align: center;\"><strong>\u88fd\u9020\u4e2d\u6b62<\/strong><\/td>\n<td style=\"text-align: center;\"><\/td>\n<\/tr>\n<tr>\n<td style=\"text-align: center;\"><span style=\"font-size: 8pt;\">\uff08P\uff09\u30d4\u30f3\u30af\u30bf\u30fc\u30dc\u30ea\u30f3\uff08\u9632\u708e\uff09\u00d71\u679a\u4ed8<\/span><\/td>\n<td style=\"text-align: center;\"><\/td>\n<\/tr>\n<tr>\n<td style=\"text-align: center;\"><strong>\u3055\u308f\u3084\u304b8108P\uff08\u30aa\u30e0\u30c4\u4ea4\u63db\u8eca\uff09<\/strong><\/td>\n<td style=\"text-align: center;\"><\/td>\n<\/tr>\n<tr>\n<td style=\"text-align: center;\"><strong>\u88fd\u9020\u4e2d\u6b62<\/strong><\/td>\n<td style=\"text-align: center;\"><\/td>\n<\/tr>\n<tr>\n<td style=\"text-align: center;\"><span style=\"font-size: 8pt;\">\uff08B\uff09\u30d6\u30eb\u30fc\u30bf\u30fc\u30dc\u30ea\u30f3\uff08\u9632\u708e\uff09\u00d71\u679a\u4ed8<\/span><\/td>\n<td style=\"text-align: center;\"><\/td>\n<\/tr>\n<tr>\n<td><span style=\"font-size: 8pt;\">\uff08\u4ed5\u69d8\uff09<\/span><br \/>\n<span style=\"font-size: 8pt;\">\u5bf8\u6cd5\uff1aW850\u00d7D500\u00d7H800mm<\/span><br \/>\n<span style=\"font-size: 8pt; color: #3366ff;\">\u25cf\u266a\u9759\u304b\u306a\u97f3\u30ad\u30e3\u30b9\u30bf\u30fc\uff1a75\u03a6<\/span><br \/>\n<span style=\"font-size: 8pt; color: #3366ff;\"> \u25cf4\u500b\u30b9\u30c8\u30c3\u30d1\u30fc\u4ed8<\/span><br \/>\n<span style=\"font-size: 8pt; color: #3366ff;\"> \u25cf\u266a\u9759\u304b\u306a\u97f3\u30b7\u30fc\u30c8\u4ed8<\/span><span style=\"font-size: 8pt;\">\uff088107\u306e\u307f\uff09<\/span><br \/>\n<span style=\"font-size: 8pt;\">\uff08\u6750\u8cea\uff09<\/span><br \/>\n<span style=\"font-size: 8pt;\">\u30b9\u30c6\u30f3\u30ec\u30b9\u88fd<\/span><br \/>\n<span style=\"font-size: 8pt;\">\u30a2\u30fc\u30c1\u30d1\u30a4\u30d725\u03a6<\/span><br \/>\n<span style=\"font-size: 8pt;\">\uff08\u4ed8\u5c5e\u54c1\uff09<\/span><br \/>\n<span style=\"font-size: 8pt;\">\u30c8\u30ec\u30fc\uff1aW300\u00d7D430\u00d7H150mm\u00d72\u500b<\/span><br \/>\n<span style=\"font-size: 8pt; color: #ff00ff;\">\uff08\u30aa\u30d7\u30b7\u30e7\u30f3\uff09<\/span><br \/>\n<span style=\"font-size: 8pt; color: #ff00ff;\"> \u30db\u30c3\u30c8\u30ad\u30e3\u30d3HC-38 \uffe558,000<\/span><br \/>\n<span style=\"font-size: 8pt; color: #ff00ff;\"> \u30af\u30ea\u30fc\u30f3\u3055\u308f\u3084\u304b\u30bf\u30aa\u30eb<\/span><\/td>\n<td><\/td>\n<\/tr>\n<\/tbody>\n<\/table>\n","protected":false},"excerpt":{"rendered":"<p>\u3055\u308f\u3084\u304b8107\uff08\u6e05\u62ed\u8eca\uff09 \u3055\u308f\u3084\u304b8105\uff08\u30aa\u30e0\u30c4\u4ea4\u63db\u8eca\uff09 \u88fd\u9020\u4e2d\u6b62 \u88fd\u9020\u4e2d\u6b62 \uff08\u4ed5\u69d8\uff09 \u5bf8\u6cd5\uff1aW550\u00d7D500\u00d7H800mm \u25cf\u266a\u9759\u304b\u306a\u97f3\u30ad\u30e3\u30b9\u30bf\u30fc\uff1a75\u03a6 \u25cf4\u500b\u30b9\u30c8\u30c3\u30d1\u30fc\u4ed8 \u25cf\u266a\u9759\u304b\u306a\u97f3\u30b7\u30fc\u30c8\u4ed8 \uff08\u6750\u8cea\uff09 \u30b9\u30c6&hellip; <a href=\"https:\/\/nishizawa-med.com\/?page_id=761\" class=\"more-link\"><span class=\"screen-reader-text\">\u3055\u308f\u3084\u304b\u30b7\u30ea\u30fc\u30ba\u30aa\u30e0\u30c4\u30ab\u30fc\u30c81<\/span> \u306e\u7d9a\u304d\u3092\u8aad\u3080<\/a><\/p>\n","protected":false},"author":2,"featured_media":0,"parent":758,"menu_order":0,"comment_status":"closed","ping_status":"closed","template":"","meta":{"advanced_seo_description":"","jetpack_seo_html_title":"","jetpack_seo_noindex":false,"footnotes":""},"tags":[124972,124973,124971,124974],"class_list":["post-761","page","type-page","status-publish","hentry","tag-124972","tag-8106p","tag-124971","tag-8108p","without-featured-image"],"jetpack_sharing_enabled":true,"jetpack_shortlink":"https:\/\/wp.me\/P9ti4N-ch","jetpack_likes_enabled":true,"_links":{"self":[{"href":"https:\/\/nishizawa-med.com\/index.php?rest_route=\/wp\/v2\/pages\/761","targetHints":{"allow":["GET"]}}],"collection":[{"href":"https:\/\/nishizawa-med.com\/index.php?rest_route=\/wp\/v2\/pages"}],"about":[{"href":"https:\/\/nishizawa-med.com\/index.php?rest_route=\/wp\/v2\/types\/page"}],"author":[{"embeddable":true,"href":"https:\/\/nishizawa-med.com\/index.php?rest_route=\/wp\/v2\/users\/2"}],"replies":[{"embeddable":true,"href":"https:\/\/nishizawa-med.com\/index.php?rest_route=%2Fwp%2Fv2%2Fcomments&post=761"}],"version-history":[{"count":6,"href":"https:\/\/nishizawa-med.com\/index.php?rest_route=\/wp\/v2\/pages\/761\/revisions"}],"predecessor-version":[{"id":3421,"href":"https:\/\/nishizawa-med.com\/index.php?rest_route=\/wp\/v2\/pages\/761\/revisions\/3421"}],"up":[{"embeddable":true,"href":"https:\/\/nishizawa-med.com\/index.php?rest_route=\/wp\/v2\/pages\/758"}],"wp:attachment":[{"href":"https:\/\/nishizawa-med.com\/index.php?rest_route=%2Fwp%2Fv2%2Fmedia&parent=761"}],"wp:term":[{"taxonomy":"post_tag","embeddable":true,"href":"https:\/\/nishizawa-med.com\/index.php?rest_route=%2Fwp%2Fv2%2Ftags&post=761"}],"curies":[{"name":"wp","href":"https:\/\/api.w.org\/{rel}","templated":true}]}}