{"id":773,"date":"2018-01-04T18:49:38","date_gmt":"2018-01-04T09:49:38","guid":{"rendered":"https:\/\/nishizawa-med.com\/?page_id=773"},"modified":"2025-10-07T09:46:37","modified_gmt":"2025-10-07T00:46:37","slug":"%e3%82%aa%e3%83%a0%e3%83%84%e3%82%ab%e3%83%bc%e3%83%882","status":"publish","type":"page","link":"https:\/\/nishizawa-med.com\/?page_id=773","title":{"rendered":"\u3055\u308f\u3084\u304b\u30b7\u30ea\u30fc\u30ba\u30aa\u30e0\u30c4\u30ab\u30fc\u30c82"},"content":{"rendered":"<table>\n<tbody>\n<tr>\n<td><img data-recalc-dims=\"1\" loading=\"lazy\" decoding=\"async\" data-attachment-id=\"775\" data-permalink=\"https:\/\/nishizawa-med.com\/?attachment_id=775\" data-orig-file=\"https:\/\/i0.wp.com\/nishizawa-med.com\/wp-content\/uploads\/2018\/01\/8200.jpg?fit=320%2C350&amp;ssl=1\" data-orig-size=\"320,350\" data-comments-opened=\"0\" data-image-meta=\"{&quot;aperture&quot;:&quot;0&quot;,&quot;credit&quot;:&quot;&quot;,&quot;camera&quot;:&quot;&quot;,&quot;caption&quot;:&quot;&quot;,&quot;created_timestamp&quot;:&quot;0&quot;,&quot;copyright&quot;:&quot;&quot;,&quot;focal_length&quot;:&quot;0&quot;,&quot;iso&quot;:&quot;0&quot;,&quot;shutter_speed&quot;:&quot;0&quot;,&quot;title&quot;:&quot;&quot;,&quot;orientation&quot;:&quot;0&quot;}\" data-image-title=\"8200\" data-image-description=\"\" data-image-caption=\"\" data-large-file=\"https:\/\/i0.wp.com\/nishizawa-med.com\/wp-content\/uploads\/2018\/01\/8200.jpg?fit=320%2C350&amp;ssl=1\" class=\"alignnone size-full wp-image-775\" src=\"https:\/\/i0.wp.com\/nishizawa-med.com\/wp-content\/uploads\/2018\/01\/8200.jpg?resize=320%2C350&#038;ssl=1\" alt=\"\" width=\"320\" height=\"350\" srcset=\"https:\/\/i0.wp.com\/nishizawa-med.com\/wp-content\/uploads\/2018\/01\/8200.jpg?w=320&amp;ssl=1 320w, https:\/\/i0.wp.com\/nishizawa-med.com\/wp-content\/uploads\/2018\/01\/8200.jpg?resize=274%2C300&amp;ssl=1 274w\" sizes=\"auto, (max-width: 320px) 100vw, 320px\" \/><\/td>\n<td><img data-recalc-dims=\"1\" loading=\"lazy\" decoding=\"async\" data-attachment-id=\"776\" data-permalink=\"https:\/\/nishizawa-med.com\/?attachment_id=776\" data-orig-file=\"https:\/\/i0.wp.com\/nishizawa-med.com\/wp-content\/uploads\/2018\/01\/8210-e1522675410814.jpg?fit=200%2C219&amp;ssl=1\" data-orig-size=\"200,219\" data-comments-opened=\"0\" data-image-meta=\"{&quot;aperture&quot;:&quot;0&quot;,&quot;credit&quot;:&quot;&quot;,&quot;camera&quot;:&quot;&quot;,&quot;caption&quot;:&quot;&quot;,&quot;created_timestamp&quot;:&quot;0&quot;,&quot;copyright&quot;:&quot;&quot;,&quot;focal_length&quot;:&quot;0&quot;,&quot;iso&quot;:&quot;0&quot;,&quot;shutter_speed&quot;:&quot;0&quot;,&quot;title&quot;:&quot;&quot;,&quot;orientation&quot;:&quot;0&quot;}\" data-image-title=\"8210\" data-image-description=\"\" data-image-caption=\"&lt;p&gt;\u30db\u30c3\u30c8\u30ad\u30e3\u30d3\u30cd\u30c3\u30c8&lt;\/p&gt;\n\" data-large-file=\"https:\/\/i0.wp.com\/nishizawa-med.com\/wp-content\/uploads\/2018\/01\/8210-e1522675410814.jpg?fit=200%2C219&amp;ssl=1\" class=\"alignnone size-full wp-image-776\" src=\"https:\/\/i0.wp.com\/nishizawa-med.com\/wp-content\/uploads\/2018\/01\/8210.jpg?resize=320%2C350&#038;ssl=1\" alt=\"\" width=\"320\" height=\"350\" \/><\/td>\n<\/tr>\n<tr>\n<td style=\"text-align: center;\"><strong>\u3055\u308f\u3084\u304b8200A\uff08\u30aa\u30e0\u30c4\u30ab\u30fc\u30c8\uff09<\/strong><\/td>\n<td style=\"text-align: center;\"><strong>\u3055\u308f\u3084\u304b8210A\uff08\u30aa\u30e0\u30c4\u30ab\u30fc\u30c8\uff09<\/strong><\/td>\n<\/tr>\n<tr>\n<td style=\"text-align: center;\"><strong>\u88fd\u9020\u4e2d\u6b62<\/strong><\/td>\n<td style=\"text-align: center;\"><strong>\u88fd\u9020\u4e2d\u6b62<\/strong><\/td>\n<\/tr>\n<tr>\n<td><strong><span style=\"font-size: 8pt;\">\u30dd\u30ea\u30c0\u30b9\u30bf\u30fc\u4e0a\u90e8\u306b\u306f\u3001\u969c\u5bb3\u7269\u304c\u306a\u3044\u305f\u3081\u30b9\u30e0\u30fc\u30ba\u306b<\/span><\/strong><br \/>\n<strong><span style=\"font-size: 8pt;\">\u4e0d\u7528\u7269\u304c\u6368\u3066\u3089\u308c\u307e\u3059\u3002\u30cf\u30f3\u30c9\u30eb\u90e8\u5206\u304c\u30b9\u30a6\u30a3\u30f3\u30b0<\/span><\/strong><br \/>\n<strong><span style=\"font-size: 8pt;\">\u3059\u308b\u3053\u3068\u306b\u3088\u308a\u3001<span style=\"color: #3366ff;\">\u30dd\u30ea\u30c0\u30b9\u30bf\u30fc\u306e\u51fa\u3057\u5165\u308c\u304c\u697d\u3005\u3002<\/span><\/span><\/strong><br \/>\n<span style=\"font-size: 8pt;\">\uff08\u4ed5\u69d8\uff09<\/span><br \/>\n<span style=\"font-size: 8pt;\">\u5bf8\u6cd5\uff1aL880\u00d7D490\u00d7H900mm<\/span><br \/>\n<span style=\"font-size: 8pt;\">\u6750\u8cea\uff1a\u30b9\u30c6\u30f3\u30ec\u30b9\u88fd<\/span><br \/>\n<span style=\"font-size: 8pt; color: #3366ff;\">\u25cf\u266a\u9759\u304b\u306a\u97f3\u30ad\u30e3\u30b9\u30bf\u30fc\uff1a100\u03a6<\/span><br \/>\n<span style=\"font-size: 8pt; color: #3366ff;\"> \u25cf\u266a\u9759\u304b\u306a\u97f3\u30b7\u30fc\u30c8\u4ed8<\/span><br \/>\n<span style=\"font-size: 8pt;\">\uff08\u4ed8\u5c5e\u54c1\uff09<\/span><br \/>\n<span style=\"font-size: 8pt;\">\u30a2\u30f3\u30c0\u30fc\u30d0\u30f3\u30d1\u30fc\u00d74\u500b\u4ed8<\/span><br \/>\n<span style=\"font-size: 8pt;\">\u30d0\u30b9\u30b1\u30c3\u30c8\uff1a320\u00d7448\u00d7H150mm\u00d72\u500b<\/span><br \/>\n<span style=\"font-size: 8pt;\">\u30dd\u30ea\u30c0\u30b9\u30bf\u30fc\u5bb9\u91cf\uff1a60\u30ea\u30c3\u30c8\u30eb\u00d71\u500b\u4ed8<\/span><br \/>\n<span style=\"font-size: 8pt; color: #ff00ff;\">\uff08\u30aa\u30d7\u30b7\u30e7\u30f3\u4f8b\uff09<\/span><br \/>\n<span style=\"font-size: 8pt; color: #ff00ff;\">\u30db\u30c3\u30c8\u30ad\u30e3\u30d3HC-38 \uffe558,000<\/span><\/td>\n<td><span style=\"font-size: 8pt;\">\uff08\u4ed5\u69d8\uff09<\/span><br \/>\n<span style=\"font-size: 8pt;\">\u5bf8\u6cd5\uff1aL880\u00d7D490\u00d7H900mm<\/span><br \/>\n<span style=\"font-size: 8pt;\">\u6750\u8cea\uff1a\u30b9\u30c6\u30f3\u30ec\u30b9\u88fd<\/span><br \/>\n<span style=\"font-size: 8pt; color: #3366ff;\">\u25cf\u266a\u9759\u304b\u306a\u97f3\u30ad\u30e3\u30b9\u30bf\u30fc\uff1a100\u03a6<\/span><br \/>\n<span style=\"font-size: 8pt; color: #3366ff;\"> \u25cf\u266a\u9759\u304b\u306a\u97f3\u30b7\u30fc\u30c8\u4ed8<\/span><br \/>\n<span style=\"font-size: 8pt;\">\uff08\u4ed8\u5c5e\u54c1\uff09<\/span><br \/>\n<span style=\"font-size: 8pt;\">\u30a2\u30f3\u30c0\u30fc\u30d0\u30f3\u30d1\u30fc\u00d74\u500b\u4ed8<\/span><br \/>\n<span style=\"font-size: 8pt;\">\u30d0\u30b9\u30b1\u30c3\u30c8\uff1a320\u00d7448\u00d7H150mm\u00d72\u500b<\/span><br \/>\n<span style=\"font-size: 10.6667px;\">\u30d6\u30eb\u30fc\u30bf\u30fc\u30dc\u30ea\u30f3\u888b\u4ed8<\/span><br \/>\n<span style=\"font-size: 8pt; color: #ff00ff;\">\uff08\u30aa\u30d7\u30b7\u30e7\u30f3\u4f8b\uff09<\/span><br \/>\n<span style=\"font-size: 8pt; color: #ff00ff;\">\u30db\u30c3\u30c8\u30ad\u30e3\u30d3HC-38 \uffe558,000<\/span><\/td>\n<\/tr>\n<tr>\n<td><img data-recalc-dims=\"1\" loading=\"lazy\" decoding=\"async\" data-attachment-id=\"1068\" data-permalink=\"https:\/\/nishizawa-med.com\/?attachment_id=1068\" data-orig-file=\"https:\/\/i0.wp.com\/nishizawa-med.com\/wp-content\/uploads\/2018\/04\/8201.jpg?fit=320%2C350&amp;ssl=1\" data-orig-size=\"320,350\" data-comments-opened=\"0\" data-image-meta=\"{&quot;aperture&quot;:&quot;0&quot;,&quot;credit&quot;:&quot;&quot;,&quot;camera&quot;:&quot;&quot;,&quot;caption&quot;:&quot;&quot;,&quot;created_timestamp&quot;:&quot;0&quot;,&quot;copyright&quot;:&quot;&quot;,&quot;focal_length&quot;:&quot;0&quot;,&quot;iso&quot;:&quot;0&quot;,&quot;shutter_speed&quot;:&quot;0&quot;,&quot;title&quot;:&quot;&quot;,&quot;orientation&quot;:&quot;0&quot;}\" data-image-title=\"8201\" data-image-description=\"\" data-image-caption=\"\" data-large-file=\"https:\/\/i0.wp.com\/nishizawa-med.com\/wp-content\/uploads\/2018\/04\/8201.jpg?fit=320%2C350&amp;ssl=1\" class=\"alignnone size-full wp-image-1068\" src=\"https:\/\/i0.wp.com\/nishizawa-med.com\/wp-content\/uploads\/2018\/04\/8201.jpg?resize=320%2C350&#038;ssl=1\" alt=\"\" width=\"320\" height=\"350\" srcset=\"https:\/\/i0.wp.com\/nishizawa-med.com\/wp-content\/uploads\/2018\/04\/8201.jpg?w=320&amp;ssl=1 320w, https:\/\/i0.wp.com\/nishizawa-med.com\/wp-content\/uploads\/2018\/04\/8201.jpg?resize=274%2C300&amp;ssl=1 274w\" sizes=\"auto, (max-width: 320px) 100vw, 320px\" \/><\/td>\n<td><img data-recalc-dims=\"1\" loading=\"lazy\" decoding=\"async\" data-attachment-id=\"1069\" data-permalink=\"https:\/\/nishizawa-med.com\/?attachment_id=1069\" data-orig-file=\"https:\/\/i0.wp.com\/nishizawa-med.com\/wp-content\/uploads\/2018\/04\/8211.jpg?fit=320%2C350&amp;ssl=1\" data-orig-size=\"320,350\" data-comments-opened=\"0\" data-image-meta=\"{&quot;aperture&quot;:&quot;0&quot;,&quot;credit&quot;:&quot;&quot;,&quot;camera&quot;:&quot;&quot;,&quot;caption&quot;:&quot;&quot;,&quot;created_timestamp&quot;:&quot;0&quot;,&quot;copyright&quot;:&quot;&quot;,&quot;focal_length&quot;:&quot;0&quot;,&quot;iso&quot;:&quot;0&quot;,&quot;shutter_speed&quot;:&quot;0&quot;,&quot;title&quot;:&quot;&quot;,&quot;orientation&quot;:&quot;0&quot;}\" data-image-title=\"8211\" data-image-description=\"\" data-image-caption=\"\" data-large-file=\"https:\/\/i0.wp.com\/nishizawa-med.com\/wp-content\/uploads\/2018\/04\/8211.jpg?fit=320%2C350&amp;ssl=1\" class=\"alignnone size-full wp-image-1069\" src=\"https:\/\/i0.wp.com\/nishizawa-med.com\/wp-content\/uploads\/2018\/04\/8211.jpg?resize=320%2C350&#038;ssl=1\" alt=\"\" width=\"320\" height=\"350\" srcset=\"https:\/\/i0.wp.com\/nishizawa-med.com\/wp-content\/uploads\/2018\/04\/8211.jpg?w=320&amp;ssl=1 320w, https:\/\/i0.wp.com\/nishizawa-med.com\/wp-content\/uploads\/2018\/04\/8211.jpg?resize=274%2C300&amp;ssl=1 274w\" sizes=\"auto, (max-width: 320px) 100vw, 320px\" \/><\/td>\n<\/tr>\n<tr>\n<td>\u00a0<strong>\u3055\u308f\u3084\u304b8201A\uff08\u5f15\u51fa\u3057\u4ed8\u30aa\u30e0\u30c4\u30ab\u30fc\u30c8\uff09<\/strong><\/td>\n<td>\u00a0\u00a0<strong>\u3055\u308f\u3084\u304b8211A\uff08\u5f15\u51fa\u3057\u4ed8\u30aa\u30e0\u30c4\u30ab\u30fc\u30c8\uff09<\/strong><\/td>\n<\/tr>\n<tr>\n<td style=\"text-align: center;\"><strong>\u00a0\u88fd\u9020\u4e2d\u6b62<\/strong><\/td>\n<td style=\"text-align: center;\"><strong>\u00a0\u88fd\u9020\u4e2d\u6b62<\/strong><\/td>\n<\/tr>\n<tr>\n<td><strong><span style=\"font-size: 8pt;\">\u30dd\u30ea\u30c0\u30b9\u30bf\u30fc\u4e0a\u90e8\u306b\u306f\u3001\u969c\u5bb3\u7269\u304c\u306a\u3044\u305f\u3081\u30b9\u30e0\u30fc\u30ba\u306b<\/span><\/strong><br \/>\n<strong><span style=\"font-size: 8pt;\">\u4e0d\u7528\u7269\u304c\u6368\u3066\u3089\u308c\u307e\u3059\u3002\u30cf\u30f3\u30c9\u30eb\u90e8\u5206\u304c\u30b9\u30a6\u30a3\u30f3\u30b0<\/span><\/strong><br \/>\n<strong><span style=\"font-size: 8pt;\">\u3059\u308b\u3053\u3068\u306b\u3088\u308a\u3001<span style=\"color: #3366ff;\">\u30dd\u30ea\u30c0\u30b9\u30bf\u30fc\u306e\u51fa\u3057\u5165\u308c\u304c\u697d\u3005\u3002<\/span><\/span><\/strong><br \/>\n<strong><span style=\"font-size: 8pt;\">\u5f15\u51fa\u3057\u30c7\u30b6\u30a4\u30f3\u30dd\u30a4\u30f3\u30c8\u5165<\/span><\/strong><br \/>\n<strong> <span style=\"font-size: 8pt;\">\uff08\u7279\u6ce8\u30c7\u30b6\u30a4\u30f3\u53d7\u3051\u305f\u307e\u308f\u308a\u307e\u3059\u3002\uff09<\/span><\/strong><br \/>\n<span style=\"font-size: 8pt;\">\uff08\u4ed5\u69d8\uff09<\/span><br \/>\n<span style=\"font-size: 8pt;\">\u5bf8\u6cd5\uff1aL880\u00d7D490\u00d7H900mm<\/span><br \/>\n<span style=\"font-size: 8pt;\">\u6750\u8cea\uff1a\u30b9\u30c6\u30f3\u30ec\u30b9\u88fd<\/span><br \/>\n<span style=\"font-size: 8pt; color: #3366ff;\">\u25cf\u266a\u9759\u304b\u306a\u97f3\u30ad\u30e3\u30b9\u30bf\u30fc\uff1a100\u03a6<\/span><br \/>\n<span style=\"font-size: 8pt; color: #3366ff;\"> \u25cf\u266a\u9759\u304b\u306a\u97f3\u30b7\u30fc\u30c8\u4ed8<\/span><br \/>\n<span style=\"font-size: 8pt;\">\uff08\u4ed8\u5c5e\u54c1\uff09<\/span><br \/>\n<span style=\"font-size: 8pt;\">\u30a2\u30f3\u30c0\u30fc\u30d0\u30f3\u30d1\u30fc\u00d74\u500b\u4ed8<\/span><br \/>\n<span style=\"font-size: 8pt;\">\u30d0\u30b9\u30b1\u30c3\u30c8\uff1a320\u00d7448\u00d7H150mm\u00d72\u500b<\/span><br \/>\n<span style=\"font-size: 8pt;\">\u30dd\u30ea\u30c0\u30b9\u30bf\u30fc\u5bb9\u91cf\uff1a60\u30ea\u30c3\u30c8\u30eb\u00d71\u500b\u4ed8<\/span><br \/>\n<span style=\"font-size: 8pt; color: #ff00ff;\">\uff08\u30aa\u30d7\u30b7\u30e7\u30f3\u4f8b\uff09<\/span><br \/>\n<span style=\"font-size: 8pt; color: #ff00ff;\">\u30db\u30c3\u30c8\u30ad\u30e3\u30d3HC-18S \uffe543,000<\/span><\/td>\n<td><strong><span style=\"font-size: 8pt;\">\u5f15\u51fa\u3057\u30c7\u30b6\u30a4\u30f3\u30dd\u30a4\u30f3\u30c8\u5165<\/span><\/strong><br \/>\n<strong> <span style=\"font-size: 8pt;\">\uff08\u7279\u6ce8\u30c7\u30b6\u30a4\u30f3\u53d7\u3051\u305f\u307e\u308f\u308a\u307e\u3059\u3002\uff09<\/span><\/strong><br \/>\n<span style=\"font-size: 8pt;\">\uff08\u4ed5\u69d8\uff09<\/span><br \/>\n<span style=\"font-size: 8pt;\">\u5bf8\u6cd5\uff1aL880\u00d7D490\u00d7H900mm<\/span><br \/>\n<span style=\"font-size: 8pt;\">\u6750\u8cea\uff1a\u30b9\u30c6\u30f3\u30ec\u30b9\u88fd<\/span><br \/>\n<span style=\"font-size: 8pt; color: #3366ff;\">\u25cf\u266a\u9759\u304b\u306a\u97f3\u30ad\u30e3\u30b9\u30bf\u30fc\uff1a100\u03a6<\/span><br \/>\n<span style=\"font-size: 8pt; color: #3366ff;\"> \u25cf\u266a\u9759\u304b\u306a\u97f3\u30b7\u30fc\u30c8\u4ed8<\/span><br \/>\n<span style=\"font-size: 8pt;\">\uff08\u4ed8\u5c5e\u54c1\uff09<\/span><br \/>\n<span style=\"font-size: 8pt;\">\u30a2\u30f3\u30c0\u30fc\u30d0\u30f3\u30d1\u30fc\u00d74\u500b\u4ed8<\/span><br \/>\n<span style=\"font-size: 8pt;\">\u30d0\u30b9\u30b1\u30c3\u30c8\uff1a320\u00d7448\u00d7H150mm\u00d72\u500b<\/span><br \/>\n<span style=\"font-size: 10.6667px;\">\u30d4\u30f3\u30af\u30bf\u30fc\u30dc\u30ea\u30f3\u888b\u4ed8<\/span><br \/>\n<span style=\"font-size: 8pt; color: #ff00ff;\">\uff08\u30aa\u30d7\u30b7\u30e7\u30f3\u4f8b\uff09<\/span><br \/>\n<span style=\"font-size: 8pt; color: #ff00ff;\">\u30db\u30c3\u30c8\u30ad\u30e3\u30d3HC-18S \uffe543,000<\/span><\/td>\n<\/tr>\n<tr>\n<td><\/td>\n<td><\/td>\n<\/tr>\n<tr>\n<td><\/td>\n<td><\/td>\n<\/tr>\n<\/tbody>\n<\/table>\n","protected":false},"excerpt":{"rendered":"<p>\u3055\u308f\u3084\u304b8200A\uff08\u30aa\u30e0\u30c4\u30ab\u30fc\u30c8\uff09 \u3055\u308f\u3084\u304b8210A\uff08\u30aa\u30e0\u30c4\u30ab\u30fc\u30c8\uff09 \u88fd\u9020\u4e2d\u6b62 \u88fd\u9020\u4e2d\u6b62 \u30dd\u30ea\u30c0\u30b9\u30bf\u30fc\u4e0a\u90e8\u306b\u306f\u3001\u969c\u5bb3\u7269\u304c\u306a\u3044\u305f\u3081\u30b9\u30e0\u30fc\u30ba\u306b \u4e0d\u7528\u7269\u304c\u6368\u3066\u3089\u308c\u307e\u3059\u3002\u30cf\u30f3\u30c9\u30eb\u90e8\u5206\u304c\u30b9\u30a6\u30a3\u30f3\u30b0 \u3059\u308b\u3053\u3068\u306b\u3088\u308a\u3001\u30dd\u30ea\u30c0\u30b9\u30bf\u30fc\u306e&hellip; <a href=\"https:\/\/nishizawa-med.com\/?page_id=773\" class=\"more-link\"><span class=\"screen-reader-text\">\u3055\u308f\u3084\u304b\u30b7\u30ea\u30fc\u30ba\u30aa\u30e0\u30c4\u30ab\u30fc\u30c82<\/span> \u306e\u7d9a\u304d\u3092\u8aad\u3080<\/a><\/p>\n","protected":false},"author":2,"featured_media":0,"parent":758,"menu_order":0,"comment_status":"closed","ping_status":"closed","template":"","meta":{"advanced_seo_description":"","jetpack_seo_html_title":"","jetpack_seo_noindex":false,"footnotes":""},"tags":[124975,124977,124976,124978],"class_list":["post-773","page","type-page","status-publish","hentry","tag-124975","tag-124977","tag-124976","tag-124978","without-featured-image"],"jetpack_sharing_enabled":true,"jetpack_shortlink":"https:\/\/wp.me\/P9ti4N-ct","jetpack_likes_enabled":true,"_links":{"self":[{"href":"https:\/\/nishizawa-med.com\/index.php?rest_route=\/wp\/v2\/pages\/773","targetHints":{"allow":["GET"]}}],"collection":[{"href":"https:\/\/nishizawa-med.com\/index.php?rest_route=\/wp\/v2\/pages"}],"about":[{"href":"https:\/\/nishizawa-med.com\/index.php?rest_route=\/wp\/v2\/types\/page"}],"author":[{"embeddable":true,"href":"https:\/\/nishizawa-med.com\/index.php?rest_route=\/wp\/v2\/users\/2"}],"replies":[{"embeddable":true,"href":"https:\/\/nishizawa-med.com\/index.php?rest_route=%2Fwp%2Fv2%2Fcomments&post=773"}],"version-history":[{"count":4,"href":"https:\/\/nishizawa-med.com\/index.php?rest_route=\/wp\/v2\/pages\/773\/revisions"}],"predecessor-version":[{"id":3145,"href":"https:\/\/nishizawa-med.com\/index.php?rest_route=\/wp\/v2\/pages\/773\/revisions\/3145"}],"up":[{"embeddable":true,"href":"https:\/\/nishizawa-med.com\/index.php?rest_route=\/wp\/v2\/pages\/758"}],"wp:attachment":[{"href":"https:\/\/nishizawa-med.com\/index.php?rest_route=%2Fwp%2Fv2%2Fmedia&parent=773"}],"wp:term":[{"taxonomy":"post_tag","embeddable":true,"href":"https:\/\/nishizawa-med.com\/index.php?rest_route=%2Fwp%2Fv2%2Ftags&post=773"}],"curies":[{"name":"wp","href":"https:\/\/api.w.org\/{rel}","templated":true}]}}